{"id":1512,"date":"2016-11-11T11:42:36","date_gmt":"2016-11-11T10:42:36","guid":{"rendered":"https:\/\/osteo7-7.ch\/accueil\/"},"modified":"2026-04-08T11:06:29","modified_gmt":"2026-04-08T09:06:29","slug":"accueil","status":"publish","type":"page","link":"https:\/\/osteo7-7.ch\/en\/","title":{"rendered":"Accueil"},"content":{"rendered":"","protected":false},"excerpt":{"rendered":"","protected":false},"author":3,"featured_media":0,"parent":0,"menu_order":0,"comment_status":"closed","ping_status":"closed","template":"template-homepage.php","meta":{"_acf_changed":false,"footnotes":""},"class_list":["post-1512","page","type-page","status-publish","hentry"],"acf":[],"yoast_head":"<!-- This site is optimized with the Yoast SEO Premium plugin v27.3 (Yoast SEO v27.3) - https:\/\/yoast.com\/product\/yoast-seo-premium-wordpress\/ -->\n<title>Osteo 7\/7 - RDV imm\u00e9diats, Agenda en ligne - Gen\u00e8ve et Lausanne Gare<\/title>\n<meta name=\"description\" content=\"Tour de rein, sciatique, torticolis, douleur dorsale, maux de t\u00eate, de ventre, troubles gyn\u00e9cologiques, traitements des b\u00e9b\u00e9s, des femmes enceintes, des sportifs...\" \/>\n<meta name=\"robots\" content=\"index, follow, max-snippet:-1, max-image-preview:large, max-video-preview:-1\" \/>\n<link rel=\"canonical\" href=\"https:\/\/osteo7-7.ch\/en\/\" \/>\n<meta property=\"og:locale\" content=\"en_US\" \/>\n<meta property=\"og:type\" content=\"article\" \/>\n<meta property=\"og:title\" content=\"Accueil\" \/>\n<meta property=\"og:url\" content=\"https:\/\/osteo7-7.ch\/en\/\" \/>\n<meta property=\"og:site_name\" content=\"Osteo 7\/7\" \/>\n<meta property=\"article:modified_time\" content=\"2026-04-08T09:06:29+00:00\" \/>\n<meta name=\"twitter:card\" content=\"summary_large_image\" \/>\n<meta name=\"twitter:label1\" content=\"Est. reading time\" \/>\n\t<meta name=\"twitter:data1\" content=\"1 minute\" \/>\n<script type=\"application\/ld+json\" class=\"yoast-schema-graph\">{\"@context\":\"https:\\\/\\\/schema.org\",\"@graph\":[{\"@type\":\"WebPage\",\"@id\":\"https:\\\/\\\/osteo7-7.ch\\\/en\\\/\",\"url\":\"https:\\\/\\\/osteo7-7.ch\\\/en\\\/\",\"name\":\"Osteo 7\\\/7 - RDV imm\u00e9diats, Agenda en ligne - Gen\u00e8ve et Lausanne Gare\",\"isPartOf\":{\"@id\":\"https:\\\/\\\/osteo7-7.ch\\\/en\\\/#website\"},\"datePublished\":\"2016-11-11T10:42:36+00:00\",\"dateModified\":\"2026-04-08T09:06:29+00:00\",\"description\":\"Tour de rein, sciatique, torticolis, douleur dorsale, maux de t\u00eate, de ventre, troubles gyn\u00e9cologiques, traitements des b\u00e9b\u00e9s, des femmes enceintes, des sportifs...\",\"breadcrumb\":{\"@id\":\"https:\\\/\\\/osteo7-7.ch\\\/en\\\/#breadcrumb\"},\"inLanguage\":\"en-US\",\"potentialAction\":[{\"@type\":\"ReadAction\",\"target\":[\"https:\\\/\\\/osteo7-7.ch\\\/en\\\/\"]}]},{\"@type\":\"BreadcrumbList\",\"@id\":\"https:\\\/\\\/osteo7-7.ch\\\/en\\\/#breadcrumb\",\"itemListElement\":[{\"@type\":\"ListItem\",\"position\":1,\"name\":\"Accueil\",\"item\":\"https:\\\/\\\/osteo7-7.ch\\\/en\\\/\"},{\"@type\":\"ListItem\",\"position\":2,\"name\":\"Accueil\"}]},{\"@type\":\"WebSite\",\"@id\":\"https:\\\/\\\/osteo7-7.ch\\\/en\\\/#website\",\"url\":\"https:\\\/\\\/osteo7-7.ch\\\/en\\\/\",\"name\":\"Osteo 7\\\/7\",\"description\":\"Consultations 7\\\/7 \u2013 Gen\u00e8ve et Lausanne\",\"potentialAction\":[{\"@type\":\"SearchAction\",\"target\":{\"@type\":\"EntryPoint\",\"urlTemplate\":\"https:\\\/\\\/osteo7-7.ch\\\/en\\\/?s={search_term_string}\"},\"query-input\":{\"@type\":\"PropertyValueSpecification\",\"valueRequired\":true,\"valueName\":\"search_term_string\"}}],\"inLanguage\":\"en-US\"}]}<\/script>\n<!-- \/ Yoast SEO Premium plugin. -->","yoast_head_json":{"title":"Osteo 7\/7 - RDV imm\u00e9diats, Agenda en ligne - Gen\u00e8ve et Lausanne Gare","description":"Tour de rein, sciatique, torticolis, douleur dorsale, maux de t\u00eate, de ventre, troubles gyn\u00e9cologiques, traitements des b\u00e9b\u00e9s, des femmes enceintes, des sportifs...","robots":{"index":"index","follow":"follow","max-snippet":"max-snippet:-1","max-image-preview":"max-image-preview:large","max-video-preview":"max-video-preview:-1"},"canonical":"https:\/\/osteo7-7.ch\/en\/","og_locale":"en_US","og_type":"article","og_title":"Accueil","og_url":"https:\/\/osteo7-7.ch\/en\/","og_site_name":"Osteo 7\/7","article_modified_time":"2026-04-08T09:06:29+00:00","twitter_card":"summary_large_image","twitter_misc":{"Est. reading time":"1 minute"},"schema":{"@context":"https:\/\/schema.org","@graph":[{"@type":"WebPage","@id":"https:\/\/osteo7-7.ch\/en\/","url":"https:\/\/osteo7-7.ch\/en\/","name":"Osteo 7\/7 - RDV imm\u00e9diats, Agenda en ligne - Gen\u00e8ve et Lausanne Gare","isPartOf":{"@id":"https:\/\/osteo7-7.ch\/en\/#website"},"datePublished":"2016-11-11T10:42:36+00:00","dateModified":"2026-04-08T09:06:29+00:00","description":"Tour de rein, sciatique, torticolis, douleur dorsale, maux de t\u00eate, de ventre, troubles gyn\u00e9cologiques, traitements des b\u00e9b\u00e9s, des femmes enceintes, des sportifs...","breadcrumb":{"@id":"https:\/\/osteo7-7.ch\/en\/#breadcrumb"},"inLanguage":"en-US","potentialAction":[{"@type":"ReadAction","target":["https:\/\/osteo7-7.ch\/en\/"]}]},{"@type":"BreadcrumbList","@id":"https:\/\/osteo7-7.ch\/en\/#breadcrumb","itemListElement":[{"@type":"ListItem","position":1,"name":"Accueil","item":"https:\/\/osteo7-7.ch\/en\/"},{"@type":"ListItem","position":2,"name":"Accueil"}]},{"@type":"WebSite","@id":"https:\/\/osteo7-7.ch\/en\/#website","url":"https:\/\/osteo7-7.ch\/en\/","name":"Osteo 7\/7","description":"Consultations 7\/7 \u2013 Gen\u00e8ve et Lausanne","potentialAction":[{"@type":"SearchAction","target":{"@type":"EntryPoint","urlTemplate":"https:\/\/osteo7-7.ch\/en\/?s={search_term_string}"},"query-input":{"@type":"PropertyValueSpecification","valueRequired":true,"valueName":"search_term_string"}}],"inLanguage":"en-US"}]}},"_links":{"self":[{"href":"https:\/\/osteo7-7.ch\/en\/wp-json\/wp\/v2\/pages\/1512","targetHints":{"allow":["GET"]}}],"collection":[{"href":"https:\/\/osteo7-7.ch\/en\/wp-json\/wp\/v2\/pages"}],"about":[{"href":"https:\/\/osteo7-7.ch\/en\/wp-json\/wp\/v2\/types\/page"}],"author":[{"embeddable":true,"href":"https:\/\/osteo7-7.ch\/en\/wp-json\/wp\/v2\/users\/3"}],"replies":[{"embeddable":true,"href":"https:\/\/osteo7-7.ch\/en\/wp-json\/wp\/v2\/comments?post=1512"}],"version-history":[{"count":5,"href":"https:\/\/osteo7-7.ch\/en\/wp-json\/wp\/v2\/pages\/1512\/revisions"}],"predecessor-version":[{"id":3731,"href":"https:\/\/osteo7-7.ch\/en\/wp-json\/wp\/v2\/pages\/1512\/revisions\/3731"}],"wp:attachment":[{"href":"https:\/\/osteo7-7.ch\/en\/wp-json\/wp\/v2\/media?parent=1512"}],"curies":[{"name":"wp","href":"https:\/\/api.w.org\/{rel}","templated":true}]}}