{"id":3744,"date":"2017-06-12T15:32:37","date_gmt":"2017-06-12T13:32:37","guid":{"rendered":"https:\/\/osteo7-7.ch\/losteopathie\/"},"modified":"2026-04-17T10:31:50","modified_gmt":"2026-04-17T08:31:50","slug":"losteopathie","status":"publish","type":"page","link":"https:\/\/osteo7-7.ch\/en\/losteopathie\/","title":{"rendered":"Osteopathy"},"content":{"rendered":"<h2 style=\"text-align: center;\">Our areas of expertise<\/h2>\n\n\n<div class=\"wp-block-buttons is-content-justification-center is-layout-flex wp-container-core-buttons-is-layout-16018d1d wp-block-buttons-is-layout-flex\">\n<div class=\"wp-block-button is-style-outline is-style-outline--1\"><a class=\"wp-block-button__link has-white-color has-vivid-red-background-color has-text-color has-background has-link-color wp-element-button\" href=\"https:\/\/osteo7-7.ch\/en\/dc-general\/\">General Osteopathy<\/a><\/div>\n<\/div>\n\n\n\n<div style=\"height:9px\" aria-hidden=\"true\" class=\"wp-block-spacer\"><\/div>\n\n\n\n<div class=\"wp-block-buttons is-content-justification-center is-layout-flex wp-container-core-buttons-is-layout-16018d1d wp-block-buttons-is-layout-flex\">\n<div class=\"wp-block-button is-style-outline is-style-outline--2\"><a class=\"wp-block-button__link has-white-color has-vivid-red-background-color has-text-color has-background has-link-color wp-element-button\" href=\"https:\/\/osteo7-7.ch\/en\/dc-urgences\/\">Emergencies<\/a><\/div>\n\n\n\n<div class=\"wp-block-button is-style-outline is-style-outline--3\"><a class=\"wp-block-button__link has-white-color has-vivid-red-background-color has-text-color has-background has-link-color wp-element-button\" href=\"https:\/\/osteo7-7.ch\/en\/dc-pediatriem5\/\">Pediatrics &lt; 5 y.o.<\/a><\/div>\n\n\n\n<div class=\"wp-block-button is-style-outline is-style-outline--4\"><a class=\"wp-block-button__link has-white-color has-vivid-red-background-color has-text-color has-background has-link-color wp-element-button\" href=\"https:\/\/osteo7-7.ch\/en\/dc-pediatriep5\/\">Pediatrics > 5 y.o.<\/a><\/div>\n\n\n\n<div class=\"wp-block-button is-style-outline is-style-outline--5\"><a class=\"wp-block-button__link has-white-color has-vivid-red-background-color has-text-color has-background has-link-color wp-element-button\" href=\"https:\/\/osteo7-7.ch\/en\/dc-grossesse\/\">Pregnancy<\/a><\/div>\n\n\n\n<div class=\"wp-block-button is-style-outline is-style-outline--6\"><a class=\"wp-block-button__link has-white-color has-vivid-red-background-color has-text-color has-background has-link-color wp-element-button\" href=\"https:\/\/osteo7-7.ch\/en\/dc-gyneco\/\">Pelvi-Perineology<\/a><\/div>\n\n\n\n<div class=\"wp-block-button is-style-outline is-style-outline--7\"><a class=\"wp-block-button__link has-white-color has-vivid-red-background-color has-text-color has-background has-link-color wp-element-button\" href=\"https:\/\/osteo7-7.ch\/en\/dc-orl\/\">ENT<\/a><\/div>\n\n\n\n<div class=\"wp-block-button is-style-outline is-style-outline--8\"><a class=\"wp-block-button__link has-white-color has-vivid-red-background-color has-text-color has-background has-link-color wp-element-button\" href=\"https:\/\/osteo7-7.ch\/en\/dc-sportifs-artistes\/\">Athletes and artists<\/a><\/div>\n<\/div>\n\n\n\n<div style=\"height:10px\" aria-hidden=\"true\" class=\"wp-block-spacer\"><\/div>\n\n\n\n<p><\/p>\n","protected":false},"excerpt":{"rendered":"<p>Our areas of expertise<\/p>\n","protected":false},"author":3,"featured_media":0,"parent":0,"menu_order":0,"comment_status":"closed","ping_status":"closed","template":"","meta":{"_acf_changed":false,"footnotes":""},"class_list":["post-3744","page","type-page","status-publish","hentry"],"acf":[],"yoast_head":"<!-- This site is optimized with the Yoast SEO Premium plugin v27.4 (Yoast SEO v27.4) - https:\/\/yoast.com\/product\/yoast-seo-premium-wordpress\/ -->\n<title>L&#039;ost\u00e9opathie - Osteo 7\/7 - RDV imm\u00e9diats, Agenda en ligne - Gen\u00e8ve et Lausanne Gare<\/title>\n<meta name=\"description\" content=\"Tour de rein, sciatique, torticolis, douleur dorsale, maux de t\u00eate, de ventre, troubles gyn\u00e9cologiques, traitements des b\u00e9b\u00e9s, des femmes enceintes, des sportifs...\" \/>\n<meta name=\"robots\" content=\"index, follow, max-snippet:-1, max-image-preview:large, max-video-preview:-1\" \/>\n<link rel=\"canonical\" href=\"https:\/\/osteo7-7.ch\/en\/losteopathie\/\" \/>\n<meta property=\"og:locale\" content=\"en_US\" \/>\n<meta property=\"og:type\" content=\"article\" \/>\n<meta property=\"og:title\" content=\"Osteopathy\" \/>\n<meta property=\"og:description\" content=\"Our areas of expertise General Osteopathy Emergencies Pediatrics &lt; 5 y.o. Pediatrics &gt; 5 y.o. Pregnancy Pelvi-Perineology ENT Athletes and\" \/>\n<meta property=\"og:url\" content=\"https:\/\/osteo7-7.ch\/en\/losteopathie\/\" \/>\n<meta property=\"og:site_name\" content=\"Osteo 7\/7\" \/>\n<meta property=\"article:modified_time\" content=\"2026-04-17T08:31:50+00:00\" \/>\n<meta name=\"twitter:card\" content=\"summary_large_image\" \/>\n<meta name=\"twitter:label1\" content=\"Est. reading time\" \/>\n\t<meta name=\"twitter:data1\" content=\"1 minute\" \/>\n<script type=\"application\/ld+json\" class=\"yoast-schema-graph\">{\"@context\":\"https:\\\/\\\/schema.org\",\"@graph\":[{\"@type\":\"WebPage\",\"@id\":\"https:\\\/\\\/osteo7-7.ch\\\/en\\\/losteopathie\\\/\",\"url\":\"https:\\\/\\\/osteo7-7.ch\\\/en\\\/losteopathie\\\/\",\"name\":\"L'ost\u00e9opathie - Osteo 7\\\/7 - RDV imm\u00e9diats, Agenda en ligne - Gen\u00e8ve et Lausanne Gare\",\"isPartOf\":{\"@id\":\"https:\\\/\\\/osteo7-7.ch\\\/en\\\/#website\"},\"datePublished\":\"2017-06-12T13:32:37+00:00\",\"dateModified\":\"2026-04-17T08:31:50+00:00\",\"description\":\"Tour de rein, sciatique, torticolis, douleur dorsale, maux de t\u00eate, de ventre, troubles gyn\u00e9cologiques, traitements des b\u00e9b\u00e9s, des femmes enceintes, des sportifs...\",\"breadcrumb\":{\"@id\":\"https:\\\/\\\/osteo7-7.ch\\\/en\\\/losteopathie\\\/#breadcrumb\"},\"inLanguage\":\"en-US\",\"potentialAction\":[{\"@type\":\"ReadAction\",\"target\":[\"https:\\\/\\\/osteo7-7.ch\\\/en\\\/losteopathie\\\/\"]}]},{\"@type\":\"BreadcrumbList\",\"@id\":\"https:\\\/\\\/osteo7-7.ch\\\/en\\\/losteopathie\\\/#breadcrumb\",\"itemListElement\":[{\"@type\":\"ListItem\",\"position\":1,\"name\":\"Accueil\",\"item\":\"https:\\\/\\\/osteo7-7.ch\\\/en\\\/\"},{\"@type\":\"ListItem\",\"position\":2,\"name\":\"Osteopathy\"}]},{\"@type\":\"WebSite\",\"@id\":\"https:\\\/\\\/osteo7-7.ch\\\/en\\\/#website\",\"url\":\"https:\\\/\\\/osteo7-7.ch\\\/en\\\/\",\"name\":\"Osteo 7\\\/7\",\"description\":\"Consultations 7\\\/7 \u2013 Gen\u00e8ve et Lausanne\",\"potentialAction\":[{\"@type\":\"SearchAction\",\"target\":{\"@type\":\"EntryPoint\",\"urlTemplate\":\"https:\\\/\\\/osteo7-7.ch\\\/en\\\/?s={search_term_string}\"},\"query-input\":{\"@type\":\"PropertyValueSpecification\",\"valueRequired\":true,\"valueName\":\"search_term_string\"}}],\"inLanguage\":\"en-US\"}]}<\/script>\n<!-- \/ Yoast SEO Premium plugin. -->","yoast_head_json":{"title":"L'ost\u00e9opathie - Osteo 7\/7 - RDV imm\u00e9diats, Agenda en ligne - Gen\u00e8ve et Lausanne Gare","description":"Tour de rein, sciatique, torticolis, douleur dorsale, maux de t\u00eate, de ventre, troubles gyn\u00e9cologiques, traitements des b\u00e9b\u00e9s, des femmes enceintes, des sportifs...","robots":{"index":"index","follow":"follow","max-snippet":"max-snippet:-1","max-image-preview":"max-image-preview:large","max-video-preview":"max-video-preview:-1"},"canonical":"https:\/\/osteo7-7.ch\/en\/losteopathie\/","og_locale":"en_US","og_type":"article","og_title":"Osteopathy","og_description":"Our areas of expertise General Osteopathy Emergencies Pediatrics &lt; 5 y.o. Pediatrics > 5 y.o. Pregnancy Pelvi-Perineology ENT Athletes and","og_url":"https:\/\/osteo7-7.ch\/en\/losteopathie\/","og_site_name":"Osteo 7\/7","article_modified_time":"2026-04-17T08:31:50+00:00","twitter_card":"summary_large_image","twitter_misc":{"Est. reading time":"1 minute"},"schema":{"@context":"https:\/\/schema.org","@graph":[{"@type":"WebPage","@id":"https:\/\/osteo7-7.ch\/en\/losteopathie\/","url":"https:\/\/osteo7-7.ch\/en\/losteopathie\/","name":"L'ost\u00e9opathie - Osteo 7\/7 - RDV imm\u00e9diats, Agenda en ligne - Gen\u00e8ve et Lausanne Gare","isPartOf":{"@id":"https:\/\/osteo7-7.ch\/en\/#website"},"datePublished":"2017-06-12T13:32:37+00:00","dateModified":"2026-04-17T08:31:50+00:00","description":"Tour de rein, sciatique, torticolis, douleur dorsale, maux de t\u00eate, de ventre, troubles gyn\u00e9cologiques, traitements des b\u00e9b\u00e9s, des femmes enceintes, des sportifs...","breadcrumb":{"@id":"https:\/\/osteo7-7.ch\/en\/losteopathie\/#breadcrumb"},"inLanguage":"en-US","potentialAction":[{"@type":"ReadAction","target":["https:\/\/osteo7-7.ch\/en\/losteopathie\/"]}]},{"@type":"BreadcrumbList","@id":"https:\/\/osteo7-7.ch\/en\/losteopathie\/#breadcrumb","itemListElement":[{"@type":"ListItem","position":1,"name":"Accueil","item":"https:\/\/osteo7-7.ch\/en\/"},{"@type":"ListItem","position":2,"name":"Osteopathy"}]},{"@type":"WebSite","@id":"https:\/\/osteo7-7.ch\/en\/#website","url":"https:\/\/osteo7-7.ch\/en\/","name":"Osteo 7\/7","description":"Consultations 7\/7 \u2013 Gen\u00e8ve et Lausanne","potentialAction":[{"@type":"SearchAction","target":{"@type":"EntryPoint","urlTemplate":"https:\/\/osteo7-7.ch\/en\/?s={search_term_string}"},"query-input":{"@type":"PropertyValueSpecification","valueRequired":true,"valueName":"search_term_string"}}],"inLanguage":"en-US"}]}},"_links":{"self":[{"href":"https:\/\/osteo7-7.ch\/en\/wp-json\/wp\/v2\/pages\/3744","targetHints":{"allow":["GET"]}}],"collection":[{"href":"https:\/\/osteo7-7.ch\/en\/wp-json\/wp\/v2\/pages"}],"about":[{"href":"https:\/\/osteo7-7.ch\/en\/wp-json\/wp\/v2\/types\/page"}],"author":[{"embeddable":true,"href":"https:\/\/osteo7-7.ch\/en\/wp-json\/wp\/v2\/users\/3"}],"replies":[{"embeddable":true,"href":"https:\/\/osteo7-7.ch\/en\/wp-json\/wp\/v2\/comments?post=3744"}],"version-history":[{"count":0,"href":"https:\/\/osteo7-7.ch\/en\/wp-json\/wp\/v2\/pages\/3744\/revisions"}],"wp:attachment":[{"href":"https:\/\/osteo7-7.ch\/en\/wp-json\/wp\/v2\/media?parent=3744"}],"curies":[{"name":"wp","href":"https:\/\/api.w.org\/{rel}","templated":true}]}}